{"id":755,"date":"2018-08-30T13:11:46","date_gmt":"2018-08-30T16:11:46","guid":{"rendered":"https:\/\/isbavieiramendez-cba.infd.edu.ar\/sitio\/datos-institucionales\/"},"modified":"2020-11-12T15:16:33","modified_gmt":"2020-11-12T18:16:33","slug":"datos-institucionales","status":"publish","type":"page","link":"https:\/\/isbavieiramendez-cba.infd.edu.ar\/sitio\/datos-institucionales\/","title":{"rendered":"Datos institucionales"},"content":{"rendered":"<blockquote><p>&nbsp;<\/p>\n<p style=\"text-align: center;\"><strong>ESCUELA SUPERIOR DE ARTES VISUALES <\/strong><\/p>\n<p style=\"text-align: center;\"><strong>LUZ VIEIRA M\u00c9NDEZ &#8211; ISFD &#8211; IFT<\/strong><\/p>\n<p><strong>CUE:<\/strong> 140299000<\/p>\n<p><strong>Horarios de Atenci\u00f3n: <\/strong>De lunes a viernes de 08,00 hs a 12,00 hs; y de 16,00hs a 22,00hs<\/p>\n<p><strong>Direcci\u00f3n: <\/strong>Calle C. Col\u00f3n N\u00b0 46, entre Av. Independencia y calle Espa\u00f1a.<\/p>\n<p><strong>Tel\u00e9fonos:<\/strong> 03385-453235<\/p>\n<p><strong>Email de Consultas:<\/strong> escuelartesvisuales@hotmail.com<\/p>\n<p><strong>URL:<\/strong><\/p><\/blockquote>\n","protected":false},"excerpt":{"rendered":"<p>&nbsp; ESCUELA SUPERIOR DE ARTES VISUALES LUZ VIEIRA M\u00c9NDEZ &#8211; ISFD &#8211; IFT CUE: 140299000 Horarios de Atenci\u00f3n: De lunes a viernes de 08,00 hs a 12,00 hs; y de 16,00hs a 22,00hs Direcci\u00f3n: Calle C. Col\u00f3n N\u00b0 46, entre Av. Independencia y calle Espa\u00f1a. Tel\u00e9fonos: 03385-453235 Email de Consultas: escuelartesvisuales@hotmail.com URL:<\/p>\n","protected":false},"author":27,"featured_media":0,"parent":0,"menu_order":0,"comment_status":"closed","ping_status":"closed","template":"","meta":[],"acf":[],"_links":{"self":[{"href":"https:\/\/isbavieiramendez-cba.infd.edu.ar\/sitio\/wp-json\/wp\/v2\/pages\/755"}],"collection":[{"href":"https:\/\/isbavieiramendez-cba.infd.edu.ar\/sitio\/wp-json\/wp\/v2\/pages"}],"about":[{"href":"https:\/\/isbavieiramendez-cba.infd.edu.ar\/sitio\/wp-json\/wp\/v2\/types\/page"}],"author":[{"embeddable":true,"href":"https:\/\/isbavieiramendez-cba.infd.edu.ar\/sitio\/wp-json\/wp\/v2\/users\/27"}],"replies":[{"embeddable":true,"href":"https:\/\/isbavieiramendez-cba.infd.edu.ar\/sitio\/wp-json\/wp\/v2\/comments?post=755"}],"version-history":[{"count":2,"href":"https:\/\/isbavieiramendez-cba.infd.edu.ar\/sitio\/wp-json\/wp\/v2\/pages\/755\/revisions"}],"predecessor-version":[{"id":849,"href":"https:\/\/isbavieiramendez-cba.infd.edu.ar\/sitio\/wp-json\/wp\/v2\/pages\/755\/revisions\/849"}],"wp:attachment":[{"href":"https:\/\/isbavieiramendez-cba.infd.edu.ar\/sitio\/wp-json\/wp\/v2\/media?parent=755"}],"curies":[{"name":"wp","href":"https:\/\/api.w.org\/{rel}","templated":true}]}}