{"id":757,"date":"2018-08-30T13:11:47","date_gmt":"2018-08-30T16:11:47","guid":{"rendered":"https:\/\/isbavieiramendez-cba.infd.edu.ar\/sitio\/docentes\/"},"modified":"2020-11-13T11:05:34","modified_gmt":"2020-11-13T14:05:34","slug":"docentes","status":"publish","type":"page","link":"https:\/\/isbavieiramendez-cba.infd.edu.ar\/sitio\/docentes\/","title":{"rendered":"Docentes"},"content":{"rendered":"<h3 style=\"text-align: center;\">PROFESORADO DE ARTES VISUALES<\/h3>\n<p><strong>PROFESORES<\/strong><\/p>\n<p><strong>TERESA ZAGORAC<\/strong><\/p>\n<p><strong>IRIS MORELLI<\/strong><\/p>\n<p><strong>MARINA BALLARIO<\/strong><\/p>\n<p><strong>ADRIANA SP\u00d3SITO<\/strong><\/p>\n<p><strong>SHIRLEY PALLONI<\/strong><\/p>\n<p><strong>PAULA GONZALEZ<\/strong><\/p>\n<p><strong>FEDRA KLOSTER<\/strong><\/p>\n<p><strong>ANIBAL REYNA<\/strong><\/p>\n<p><strong>ZULEMA MOLINA<\/strong><\/p>\n<p><strong>SABRINA FERRARINI<\/strong><\/p>\n<p><strong>ADRIANA BADARIOTTI<\/strong><\/p>\n<p><strong>CECILIA PANZA<\/strong><\/p>\n<p><strong>SOLEDAD ZAPATA<\/strong><\/p>\n<p><strong>VER\u00d3NICA BORSETTI<\/strong><\/p>\n<p><strong>MAR\u00cdA BEL\u00c9N PETENATTI<\/strong><\/p>\n<p><strong>LUCRECIA GALVEZ<\/strong><\/p>\n<p><strong>ELIANA GASTALDI<\/strong><\/p>\n<p><strong>FABIANA ARRUABARRENA<\/strong><\/p>\n<p><strong>MARY BULGUERONI<\/strong><\/p>\n<p><strong>NICOL\u00c1S DIAZ<\/strong><\/p>\n<p><strong>PAOLA BARRIO<\/strong><\/p>\n<p><strong>ADRIANA R\u00cdOS<\/strong><\/p>\n<p><strong>GLORIA B. CABRERO (PRECEPTORA)<\/strong><\/p>\n<h3 style=\"text-align: center;\"><strong>PROFESORADO DE M\u00daSICA<\/strong><\/h3>\n<p><strong>SHIRLEY PALLONI<\/strong><\/p>\n<p><strong>PAULA GONZALEZ<\/strong><\/p>\n<p><strong>LORENA GALIZIA<\/strong><\/p>\n<p><strong>DAMI\u00c1N SILVA<\/strong><\/p>\n<p><strong>NICOL\u00c1S DIAZ<\/strong><\/p>\n<p><strong>CARLA MIGUEL<\/strong><\/p>\n<p><strong>ANIBAL REYNA<\/strong><\/p>\n<p><strong>LORENA MASSACESI<\/strong><\/p>\n<p><strong>GISELA ALBAREDO<\/strong><\/p>\n<p><strong>DALILA MENDOZA<\/strong><\/p>\n<p><strong>MAR\u00cdA BEL\u00c9N PETENATTI<\/strong><\/p>\n<p><strong>MELISA RAMONTELLI<\/strong><\/p>\n<p><strong>ELIANA GASTALDI<\/strong><\/p>\n<p><strong>MAURICIO TARANTOLA<\/strong><\/p>\n<p><strong>OSFALDO FALC\u00d3N<\/strong><\/p>\n<p><strong>ZULEMA MOLINA (PRECEPTORA)<\/strong><\/p>\n<h3 style=\"text-align: center;\">TECNICATURA SUPERIOR DE ARTES VISUALES<\/h3>\n<p><strong>TERESA ZAGORAC<\/strong><\/p>\n<p><strong>SOLEDAD ZAPATA<\/strong><\/p>\n<p><strong>LUCRECIA GALVEZ<\/strong><\/p>\n<p><strong>CECILIA PANZA<\/strong><\/p>\n<p><strong>ADRIANA SP\u00d3SITO<\/strong><\/p>\n<p><strong>FEDRA KLOSTER<\/strong><\/p>\n<p><strong>ADRIANA BADARIOTTI<\/strong><\/p>\n<p><strong>SABRINA FERRARINI<\/strong><\/p>\n<p><strong>MARY BULGHERONI<\/strong><\/p>\n<p><strong>GLORIA B. CABRERO (PRECEPTORA)<\/strong><\/p>\n<h3 style=\"text-align: center;\">DOCENTES DE NIVEL MEDIO<\/h3>\n<p><strong>ANA C. MANSILLA<\/strong><\/p>\n<p><strong>LILIANA M. QUAGLIA<\/strong><\/p>\n<p><strong>ADRIANA M. R\u00cdOS<\/strong><\/p>\n<p><strong>ZULEMA C. MOLINA<\/strong><\/p>\n<p><strong>CECILIA M. PANZA<\/strong><\/p>\n<p><strong>ADRIANA C. SP\u00d3SITO<\/strong><\/p>\n<p><strong>MAR\u00cdA JOS\u00c9 MORALES<\/strong><\/p>\n<p><strong>MAURICIO TARANTOLA C\u00d3RDOBA<\/strong><\/p>\n<p><strong>SORAYA PENISSI<\/strong><\/p>\n<p><strong>MELISA Z\u00c1RATE<\/strong><\/p>\n<p><strong>IVANA GAUNA<\/strong><\/p>\n<p>&nbsp;<\/p>\n<p>&nbsp;<\/p>\n","protected":false},"excerpt":{"rendered":"<p>PROFESORADO DE ARTES VISUALES PROFESORES TERESA ZAGORAC IRIS MORELLI MARINA BALLARIO ADRIANA SP\u00d3SITO SHIRLEY PALLONI PAULA GONZALEZ FEDRA KLOSTER ANIBAL REYNA ZULEMA MOLINA SABRINA FERRARINI ADRIANA BADARIOTTI CECILIA PANZA SOLEDAD ZAPATA VER\u00d3NICA BORSETTI MAR\u00cdA BEL\u00c9N PETENATTI LUCRECIA GALVEZ ELIANA GASTALDI FABIANA ARRUABARRENA MARY BULGUERONI NICOL\u00c1S DIAZ PAOLA BARRIO ADRIANA R\u00cdOS GLORIA B. CABRERO (PRECEPTORA) PROFESORADO &#8230; <a title=\"Docentes\" class=\"read-more\" href=\"https:\/\/isbavieiramendez-cba.infd.edu.ar\/sitio\/docentes\/\" aria-label=\"More on Docentes\">[+]<\/a><\/p>\n","protected":false},"author":27,"featured_media":0,"parent":0,"menu_order":0,"comment_status":"closed","ping_status":"closed","template":"","meta":[],"acf":[],"_links":{"self":[{"href":"https:\/\/isbavieiramendez-cba.infd.edu.ar\/sitio\/wp-json\/wp\/v2\/pages\/757"}],"collection":[{"href":"https:\/\/isbavieiramendez-cba.infd.edu.ar\/sitio\/wp-json\/wp\/v2\/pages"}],"about":[{"href":"https:\/\/isbavieiramendez-cba.infd.edu.ar\/sitio\/wp-json\/wp\/v2\/types\/page"}],"author":[{"embeddable":true,"href":"https:\/\/isbavieiramendez-cba.infd.edu.ar\/sitio\/wp-json\/wp\/v2\/users\/27"}],"replies":[{"embeddable":true,"href":"https:\/\/isbavieiramendez-cba.infd.edu.ar\/sitio\/wp-json\/wp\/v2\/comments?post=757"}],"version-history":[{"count":5,"href":"https:\/\/isbavieiramendez-cba.infd.edu.ar\/sitio\/wp-json\/wp\/v2\/pages\/757\/revisions"}],"predecessor-version":[{"id":904,"href":"https:\/\/isbavieiramendez-cba.infd.edu.ar\/sitio\/wp-json\/wp\/v2\/pages\/757\/revisions\/904"}],"wp:attachment":[{"href":"https:\/\/isbavieiramendez-cba.infd.edu.ar\/sitio\/wp-json\/wp\/v2\/media?parent=757"}],"curies":[{"name":"wp","href":"https:\/\/api.w.org\/{rel}","templated":true}]}}