{"id":765,"date":"2018-08-30T13:11:49","date_gmt":"2018-08-30T16:11:49","guid":{"rendered":"https:\/\/isbavieiramendez-cba.infd.edu.ar\/sitio\/historia\/"},"modified":"2020-11-13T10:51:27","modified_gmt":"2020-11-13T13:51:27","slug":"historia","status":"publish","type":"page","link":"https:\/\/isbavieiramendez-cba.infd.edu.ar\/sitio\/historia\/","title":{"rendered":"Historia"},"content":{"rendered":"<h3><strong>Breve rese\u00f1a hist\u00f3rica de la Instituci\u00f3n <\/strong><\/h3>\n<p><strong>La Escuela Superior de Artes Visuales \u201cLUZ VIEIRA M\u00c9NDEZ\u201d<\/strong> fue fundada en 1985 por iniciativa de vecinos de la ciudad de Laboulaye (Provincia de C\u00f3rdoba), por j\u00f3venes integrantes del grupo teatral T.E.A. (Tarea Educacional Art\u00edstica). El proyecto fundacional fue presentado al Sr. Ministro de Educaci\u00f3n y Cultura Prof. Jorge Onorio Peyrano por el Director organizador, Prof. Jorge Omar D\u00edaz.<\/p>\n<p>Fue creada por Ley 7119 de la Legislatura de C\u00f3rdoba el 08\/03\/85 y comenz\u00f3 a dictar sus clases en el edificio de la Sociedad Espa\u00f1ola de Socorros Mutuos, cedido para su funcionamiento sito en calle Espa\u00f1a N\u00ba 175, el 08\/05\/85 con 75 alumnxs.<\/p>\n<p>En la actualidad funciona en su edificio propio de la calle Col\u00f3n N\u00ba 46, esquina Espa\u00f1a. El tel\u00e9fono es 03385-453235 y sus correos electr\u00f3nicos son: escuelartesvisuales@hotmail.com\u00a0 y\u00a0 escueladearteslm@gmail.com<\/p>\n<p>Lleva el nombre de <em>\u201cLuz Vieira M\u00e9ndez\u201d <\/em>en homenaje a una educadora entrerriana que fue maestra en la provincia de C\u00f3rdoba, docente de ense\u00f1anza media, fundadora de la Escuela Nueva, catedr\u00e1tica de la Universidad Nacional de C\u00f3rdoba y designada por la UNESCO como Coordinadora de la Educaci\u00f3n para Am\u00e9rica Latina y el Caribe.<\/p>\n<p><strong>Caracter\u00edsticas de la zona <\/strong><\/p>\n<p>La ubicaci\u00f3n geogr\u00e1fica de la Instituci\u00f3n es en la ciudad de Laboulaye, Departamento Presidente Roque S\u00e1enz Pe\u00f1a, al Sur de la Provincia de C\u00f3rdoba, casi en el l\u00edmite de cuatro provincias (Santa Fe-Buenos Aires-La Pampa-San Luis). Se halla a una distancia de m\u00e1s de 200 Km de otros ISFD (Rio Cuarto y Villa Mar\u00eda) de modalidad art\u00edstica.<\/p>\n<p>La Escuela Superior de Artes Visuales \u201cLuz Vieira M\u00e9ndez\u201d es un centro acad\u00e9mico abierto a la comunidad de Laboulaye y zona de influencia, permeable a toda innovaci\u00f3n educativa y a los sucesos culturales regionales y nacionales.<\/p>\n<p>La zona rural que la rodea es en su mayor\u00eda agr\u00edcola destinada a la agricultura, con algunos pocos campos reservados a la ganader\u00eda: cr\u00eda de ganado vacuno y tambos lecheros. En la zona urbana se encuentran actividades p\u00fablicas de organismos nacionales, provinciales y municipales, y actividades privadas de centros comerciales, algunos emprendimientos fabriles y micro emprendimientos.<\/p>\n<p><strong>Objetivos Institucionales<\/strong><\/p>\n<p>La Escuela Superior de Artes Visuales \u201cLuz Vieira M\u00e9ndez\u201d tiene por misi\u00f3n:<\/p>\n<ul>\n<li>La formaci\u00f3n integral de profesionales -t\u00e9cnicos y docentes- fundamentada en campos del conocimiento cient\u00edfico, tecnol\u00f3gico, sociocultural y human\u00edstico, vinculada con la vida cultural y productiva para el logro de una mejor calidad de vida de los ciudadanos.<\/li>\n<li>Impulsar la diversificaci\u00f3n de ofertas de formaci\u00f3n con niveles crecientes de calidad y excelencia profesional.<\/li>\n<li>Preservar y fortalecer la identidad cultural provincial, nacional y latinoamericana, promoviendo la consolidaci\u00f3n de la democracia con sentido social, en un clima de libertad, justicia y solidaridad.<\/li>\n<li>Contribuir a la producci\u00f3n, circulaci\u00f3n y distribuci\u00f3n equitativa del conocimiento asegurando la igualdad de oportunidades en el acceso al mismo.<\/li>\n<\/ul>\n<p><strong>Para lograrlo propone:<\/strong><\/p>\n<ul>\n<li>Promover el progreso de la cultura y proporcionar una formaci\u00f3n docente y art\u00edstica en el m\u00e1s alto nivel acorde con los avances cient\u00edfico-tecnol\u00f3gicos y necesidades socio-culturales de la Provincia.<\/li>\n<li>Contribuir a la formaci\u00f3n integral del estudiante (profesional, art\u00edstica y cultural) en el marco de un proyecto democr\u00e1tico y participativo.<\/li>\n<li>Asegurar la formaci\u00f3n de profesionales docentes de M\u00fasica y Artes Visuales capaces de ense\u00f1ar en los distintos niveles del Sistema Educativo.<\/li>\n<li>Garantizar trayectos formativos espec\u00edficos de la educaci\u00f3n art\u00edstica integral y continua habilitantes de la apropiaci\u00f3n de distintos lenguajes estimulando la creatividad, el gusto y la comprensi\u00f3n de las distintas manifestaciones del arte y de la cultura.<\/li>\n<li>Favorecer pr\u00e1cticas educativas contenedoras de las realidades de los diversos contextos sociales.<\/li>\n<li>Promover las competencias tecnol\u00f3gicas aplicadas a la educaci\u00f3n y al arte.<\/li>\n<li>Cumplir con las regulaciones establecidas por el Sistema de Educaci\u00f3n Superior para asegurar una Educaci\u00f3n de calidad.<\/li>\n<li>Contar con un dise\u00f1o organizacional y un proyecto institucional garantes del funcionamiento democr\u00e1tico.<\/li>\n<li>Velar por el sostenimiento de la matr\u00edcula de estudiantes tomando las decisiones pertinentes tendientes a disminuir la deserci\u00f3n.<\/li>\n<li>Asegurar el desarrollo de todas las dimensiones de la instituci\u00f3n: formaci\u00f3n, capacitaci\u00f3n, investigaci\u00f3n y extensi\u00f3n.<\/li>\n<li>Establecer v\u00ednculos con diversas instituciones culturales y educativas del medio en un proyecto de mutuo enriquecimiento.<\/li>\n<li>Generar un clima armonioso de trabajo y convivencia institucional.<\/li>\n<\/ul>\n<p><strong>Carreras<\/strong><\/p>\n<p>Su estructura acad\u00e9mica es din\u00e1mica, ya que la educaci\u00f3n est\u00e1 en continua evoluci\u00f3n, si entendemos al arte como espejo social e hist\u00f3rico. Esto es lo que le otorga identidad a esta instituci\u00f3n, que ofrece educaci\u00f3n art\u00edstica no formal, formaci\u00f3n docente y formaci\u00f3n t\u00e9cnica, en un centro acad\u00e9mico expansivo, siendo los lenguajes expresivos, su mayor herramienta de aprendizaje.<\/p>\n<p>La Escuela Superior de Artes Visuales \u201cLuz Vieira M\u00e9ndez\u201d cuenta actualmente con tres niveles: Inicial, Medio y Superior e incluye en su estructura curricular Artes Pl\u00e1sticas, Expresi\u00f3n Teatral, Expresi\u00f3n Literaria y M\u00fasica.<\/p>\n<p>Desde el a\u00f1o 1985 hasta el a\u00f1o 2004 (inclusive) la Escuela ofreci\u00f3 la carrera <em>Magisterio en Artes Pl\u00e1sticas <\/em>de Nivel Medio cuyos egresados obten\u00edan el t\u00edtulo de <em>Maestro en Artes Pl\u00e1sticas.<\/em><\/p>\n<p>A partir del a\u00f1o 2002 se comenzaron a dictar dos carreras de Nivel Superior no universitario: <em>Profesorado de Artes en Artes Visuales y Tecnicatura Superior en Artes Visuales<\/em>.<\/p>\n<p>En el a\u00f1o 2010 se implementa un nuevo plan de estudios y la carrera del profesorado adquiere nueva denominaci\u00f3n: Profesorado de Artes Visuales.<\/p>\n<p>Desde el mes de febrero del a\u00f1o 2013 se abri\u00f3 la carrera de Nivel Superior: Profesorado de M\u00fasica, dando respuesta a necesidades de la ciudad y una amplia zona comprendida en el sur cordob\u00e9s y santafesino.<\/p>\n<p>Tambi\u00e9n a partir del a\u00f1o 1985 se cuenta con Talleres Infanto Juveniles y de Adultos, de Nivel Medio. Actualmente hay 10 secciones de Talleres Infanto Juveniles de Expresi\u00f3n Pl\u00e1stica agrupados seg\u00fan la edad, 4 secciones de Talleres Infanto Juveniles de Expresi\u00f3n Teatral, 2 secciones de Talleres Infanto Juveniles de Expresi\u00f3n Literaria y 4 secciones de Talleres Infanto Juveniles de Expresi\u00f3n Musical, todos repartidos entre los turnos ma\u00f1ana y tarde.<\/p>\n<p>Para los adultos se ofrece un Taller de Capacitaci\u00f3n en Dibujo y Pintura de dos a\u00f1os de duraci\u00f3n en el turno tarde, y un Taller de Capacitaci\u00f3n Actoral de dos a\u00f1os de duraci\u00f3n en el turno vespertino.<\/p>\n<p>Cabe agregar que anualmente se dictan cursos de extensi\u00f3n y capacitaci\u00f3n sobre tem\u00e1ticas relacionadas con el arte a cargo de docentes que est\u00e1n trabajando en la Escuela.<\/p>\n<p>Permanentemente en una sala se pueden contemplar muestras art\u00edsticas de obras realizadas por alumnos de todos los niveles y profesores de la Instituci\u00f3n.<\/p>\n<p>A comienzos del mes de mayo del 2009 se firm\u00f3 un convenio con la Secretar\u00eda de Extensi\u00f3n de la Facultad de Filosof\u00eda y Humanidades de la UNC para el dictado aqu\u00ed de un curso de capacitaci\u00f3n docente en ese a\u00f1o lectivo (junio-Julio de 2009) a cargo de sus profesores. Se continu\u00f3 con esta vinculaci\u00f3n para un nuevo proyecto que se concret\u00f3 en el segundo semestre del a\u00f1o 2011 con el dictado de otro curso de capacitaci\u00f3n docente: \u201cInvestigaci\u00f3n en Educaci\u00f3n y Arte\u201d con resultados positivos.<\/p>\n<p><strong>OFERTAS EDUCATIVAS<\/strong><\/p>\n<table width=\"100%\">\n<tbody>\n<tr>\n<td colspan=\"2\" width=\"100%\"><strong>NOMBRE DE LA CARRERA: PROFESORADO DE ARTES VISUALES<\/strong><\/td>\n<\/tr>\n<tr>\n<td width=\"50%\">RES. HABILITANTE: N\u00b0 663\/2009<\/td>\n<td width=\"50%\">PLAN DE ESTUDIO: 687197757<\/td>\n<\/tr>\n<tr>\n<td width=\"50%\">HORARIO\/TURNO: NOCHE, DE 19 A 23,40 HS.<\/td>\n<td width=\"50%\">CANTIDAD DE DIVISIONES:\u00a0 4<\/td>\n<\/tr>\n<\/tbody>\n<\/table>\n<p>&nbsp;<\/p>\n<table width=\"100%\">\n<tbody>\n<tr>\n<td colspan=\"2\" width=\"100%\"><strong>NOMBRE DE LA CARRERA: TECNICATURA SUPERIOR EN ARTES VISUALES<\/strong><\/td>\n<\/tr>\n<tr>\n<td width=\"50%\">RES. HABILITANTE: N\u00b0 11\/2002<\/td>\n<td width=\"50%\">PLAN DE ESTUDIO: 687196351<\/td>\n<\/tr>\n<tr>\n<td width=\"50%\">HORARIO\/TURNO: NOCHE, DE 19 A 23,40 HS.<\/td>\n<td width=\"50%\">CANTIDAD DE DIVISIONES:\u00a0 3<\/td>\n<\/tr>\n<\/tbody>\n<\/table>\n<p>&nbsp;<\/p>\n<table width=\"100%\">\n<tbody>\n<tr>\n<td colspan=\"2\" width=\"100%\"><strong>NOMBRE DE LA CARRERA: PROFESORADO DE M\u00daSICA<\/strong><\/td>\n<\/tr>\n<tr>\n<td width=\"50%\">RES. HABILITANTE: N\u00b0 0461\/2013 y 0462\/2013<\/td>\n<td width=\"50%\">PLAN DE ESTUDIO: 687197758<\/td>\n<\/tr>\n<tr>\n<td width=\"50%\">HORARIO\/TURNO: VESPERTINO,<\/p>\n<p>DE 19 A 23,40 HS.<\/td>\n<td width=\"50%\">CANTIDAD DE DIVISIONES:\u00a0 4<\/td>\n<\/tr>\n<\/tbody>\n<\/table>\n<p>&nbsp;<\/p>\n<table width=\"100%\">\n<tbody>\n<tr>\n<td colspan=\"2\" width=\"100%\">NOMBRE: <strong>Taller Infanto Juvenil de Expresi\u00f3n Pl\u00e1stica (Nivel Medio)<\/strong><\/td>\n<\/tr>\n<tr>\n<td width=\"52%\">RES. HABILITANTE: N\u00b0 162\/1985<\/td>\n<td width=\"47%\">PLAN DE ESTUDIO: 687196577<\/td>\n<\/tr>\n<tr>\n<td width=\"52%\">HORARIO\/TURNO: MA\u00d1ANA Y TARDE<\/p>\n<p>A y C = 9,30 a 10,30 HS. \u2013 B, D y E = 10,30 a 11,30 HS.<\/p>\n<p>G y J = 15 a 16 HS. \u2013 F, H e I = 16 a 17 HS.<\/td>\n<td width=\"47%\">CANTIDAD DE DIVISIONES:\u00a0 10 (A-B-C-D-E-F-G-H-I-J)<\/td>\n<\/tr>\n<\/tbody>\n<\/table>\n<p>&nbsp;<\/p>\n<table width=\"100%\">\n<tbody>\n<tr>\n<td colspan=\"2\" width=\"100%\">NOMBRE: <strong>Taller Infanto Juvenil de Expresi\u00f3n Teatral (Nivel Medio)<\/strong><\/td>\n<\/tr>\n<tr>\n<td width=\"50%\">RES. HABILITANTE: N\u00b0 233\/\/1989<\/td>\n<td width=\"50%\">PLAN DE ESTUDIO: 687196600<\/td>\n<\/tr>\n<tr>\n<td width=\"50%\">HORARIO\/TURNO: MA\u00d1ANA Y TARDE<\/p>\n<p>A = 9,30 a 10,30 hs. &#8211;\u00a0 B = 10,30 a 11,30 hs.<\/p>\n<p>C= 15 a 16 hs.\u00a0 &#8211;\u00a0 D = 16 a 17 hs.<\/td>\n<td width=\"50%\">CANTIDAD DE DIVISIONES:\u00a0 4 (A-B-C-D)<\/td>\n<\/tr>\n<\/tbody>\n<\/table>\n<p>&nbsp;<\/p>\n<table width=\"100%\">\n<tbody>\n<tr>\n<td colspan=\"2\" width=\"100%\">NOMBRE: <strong>Taller Infanto Juvenil de Expresi\u00f3n Literaria (Nivel Medio)<\/strong><\/td>\n<\/tr>\n<tr>\n<td width=\"50%\">RES. HABILITANTE: N\u00b0 234\/1989<\/td>\n<td width=\"50%\">PLAN DE ESTUDIO: 687196599<\/td>\n<\/tr>\n<tr>\n<td width=\"50%\">HORARIO\/TURNO: MA\u00d1ANA Y TARDE<\/p>\n<p>A = 10,30 a 11,30 HS.\u00a0 &#8211;\u00a0 B = 16 a 17 hs.<\/td>\n<td width=\"50%\">CANTIDAD DE DIVISIONES:\u00a0 2 (A y B)<\/td>\n<\/tr>\n<\/tbody>\n<\/table>\n<p>&nbsp;<\/p>\n<table width=\"100%\">\n<tbody>\n<tr>\n<td colspan=\"2\" width=\"100%\">NOMBRE: <strong>Taller de Capacitaci\u00f3n Actoral para adultos (Nivel Medio)<\/strong><\/td>\n<\/tr>\n<tr>\n<td width=\"52%\">RES. HABILITANTE: N\u00b0 509\/1987<\/td>\n<td width=\"47%\">PLAN DE ESTUDIO: 687196601<\/td>\n<\/tr>\n<tr>\n<td width=\"52%\">HORARIO\/TURNO:\u00a0 Vespertino<\/p>\n<p>1\u00b0 A y 2\u00b0 A = Martes, Mi\u00e9rcoles y Jueves de 19 a 21 hs.<\/td>\n<td width=\"47%\">CANTIDAD DE DIVISIONES:\u00a0 2<\/td>\n<\/tr>\n<\/tbody>\n<\/table>\n<p>&nbsp;<\/p>\n<table width=\"100%\">\n<tbody>\n<tr>\n<td colspan=\"2\" width=\"100%\">NOMBRE:\u00a0 <strong>Taller de Capacitaci\u00f3n Pl\u00e1stica para adultos (Nivel Medio)<\/strong><\/td>\n<\/tr>\n<tr>\n<td width=\"50%\">RES. HABILITANTE: N\u00b0 162\/1985<\/td>\n<td width=\"50%\">PLAN DE ESTUDIO: 687196600<\/td>\n<\/tr>\n<tr>\n<td width=\"50%\">HORARIO\/TURNO:\u00a0 Tarde<\/p>\n<p>1\u00b0 A = Martes y Jueves de 15 a 17 Hs.<\/p>\n<p>2\u00b0 A = Lunes y Mi\u00e9rcoles de 15 a 17 hs.<\/td>\n<td width=\"50%\">CANTIDAD DE DIVISIONES:\u00a0 2<\/td>\n<\/tr>\n<\/tbody>\n<\/table>\n<p>&nbsp;<\/p>\n<table width=\"100%\">\n<tbody>\n<tr>\n<td colspan=\"2\" width=\"100%\">NOMBRE: <strong>Taller Infanto Juvenil de Expresi\u00f3n Musical (Nivel Medio)<\/strong><\/td>\n<\/tr>\n<tr>\n<td width=\"50%\">RES. HABILITANTE: N\u00b0 0479\/2013<\/td>\n<td width=\"50%\">PLAN DE ESTUDIO: 687197734<\/td>\n<\/tr>\n<tr>\n<td width=\"50%\">HORARIO\/TURNO: MA\u00d1ANA Y TARDE<\/p>\n<p>1A = 9,30 a 10,30 HS. \u2013 1B = 15 a 16 HS.<\/p>\n<p>2A = 10,30 a 11,30 HS. \u2013 2B = 16 a 17 HS.<\/td>\n<td width=\"50%\">CANTIDAD DE DIVISIONES:\u00a0 4 (1A-1B-2A-2B)<\/td>\n<\/tr>\n<\/tbody>\n<\/table>\n","protected":false},"excerpt":{"rendered":"<p>Breve rese\u00f1a hist\u00f3rica de la Instituci\u00f3n La Escuela Superior de Artes Visuales \u201cLUZ VIEIRA M\u00c9NDEZ\u201d fue fundada en 1985 por iniciativa de vecinos de la ciudad de Laboulaye (Provincia de C\u00f3rdoba), por j\u00f3venes integrantes del grupo teatral T.E.A. (Tarea Educacional Art\u00edstica). El proyecto fundacional fue presentado al Sr. Ministro de Educaci\u00f3n y Cultura Prof. Jorge &#8230; <a title=\"Historia\" class=\"read-more\" href=\"https:\/\/isbavieiramendez-cba.infd.edu.ar\/sitio\/historia\/\" aria-label=\"More on Historia\">[+]<\/a><\/p>\n","protected":false},"author":27,"featured_media":0,"parent":0,"menu_order":0,"comment_status":"closed","ping_status":"closed","template":"","meta":[],"acf":[],"_links":{"self":[{"href":"https:\/\/isbavieiramendez-cba.infd.edu.ar\/sitio\/wp-json\/wp\/v2\/pages\/765"}],"collection":[{"href":"https:\/\/isbavieiramendez-cba.infd.edu.ar\/sitio\/wp-json\/wp\/v2\/pages"}],"about":[{"href":"https:\/\/isbavieiramendez-cba.infd.edu.ar\/sitio\/wp-json\/wp\/v2\/types\/page"}],"author":[{"embeddable":true,"href":"https:\/\/isbavieiramendez-cba.infd.edu.ar\/sitio\/wp-json\/wp\/v2\/users\/27"}],"replies":[{"embeddable":true,"href":"https:\/\/isbavieiramendez-cba.infd.edu.ar\/sitio\/wp-json\/wp\/v2\/comments?post=765"}],"version-history":[{"count":2,"href":"https:\/\/isbavieiramendez-cba.infd.edu.ar\/sitio\/wp-json\/wp\/v2\/pages\/765\/revisions"}],"predecessor-version":[{"id":903,"href":"https:\/\/isbavieiramendez-cba.infd.edu.ar\/sitio\/wp-json\/wp\/v2\/pages\/765\/revisions\/903"}],"wp:attachment":[{"href":"https:\/\/isbavieiramendez-cba.infd.edu.ar\/sitio\/wp-json\/wp\/v2\/media?parent=765"}],"curies":[{"name":"wp","href":"https:\/\/api.w.org\/{rel}","templated":true}]}}